{"id":861,"date":"2025-09-02T19:37:38","date_gmt":"2025-09-02T19:37:38","guid":{"rendered":"https:\/\/kbling.com.mx\/wordpress\/?page_id=861"},"modified":"2025-09-02T19:37:38","modified_gmt":"2025-09-02T19:37:38","slug":"aviso-de-privacidad","status":"publish","type":"page","link":"https:\/\/kbling.com.mx\/wordpress\/index.php\/aviso-de-privacidad\/","title":{"rendered":"Aviso de Privacidad"},"content":{"rendered":"\n<p class=\"wp-block-paragraph\"><span style=\"color: #f9f7f7;\" class=\"stk-highlight\"><strong>KBLING CONSULTORES EN INFRAESTRUCTURA<\/strong>, comercialmente conocido como <strong>KBLING<\/strong>, con domicilio en San Bonifacio 400-1040, Residencial Chapalita, Guadalajara, Jalisco, M\u00e9xico, CP 44500, es el responsable del uso y protecci\u00f3n de sus datos personales.<\/span><\/p>\n\n\n\n<p class=\"wp-block-paragraph\"><span style=\"color: #fcfcfc;\" class=\"stk-highlight\"><strong>FINALIDADES PRIMARIAS<\/strong><\/span><br><span style=\"color: #ffffff;\" class=\"stk-highlight\">Los datos personales que recabamos de usted, los utilizaremos para las siguientes finalidades que son necesarias para el servicio que solicita:<\/span><\/p>\n\n\n\n<ul class=\"wp-block-list\">\n<li><span style=\"color: #fcfcfc;\" class=\"stk-highlight\">Respuesta a mensajes del formulario de contacto<\/span><\/li>\n\n\n\n<li><span style=\"color: #faf9f9;\" class=\"stk-highlight\">Prestaci\u00f3n de cualquier servicio solicitado<\/span><\/li>\n\n\n\n<li><span style=\"color: #f7f7f7;\" class=\"stk-highlight\">Compartir informaci\u00f3n con nuestros socios comerciales<\/span><\/li>\n\n\n\n<li><span style=\"color: #ebebeb;\" class=\"stk-highlight\">Contactar para ofrecer servicios adicionales<\/span><\/li>\n<\/ul>\n\n\n\n<p class=\"wp-block-paragraph\"><span style=\"color: #f9f9f9;\" class=\"stk-highlight\"><strong>FINALIDADES SECUNDARIAS<\/strong><\/span><br><span style=\"color: #ffffff;\" class=\"stk-highlight\">De manera adicional, utilizaremos su informaci\u00f3n personal para las siguientes finalidades secundarias que no son necesarias para el servicio solicitado, pero que nos permiten y facilitan brindarle una mejor atenci\u00f3n:<\/span><\/p>\n\n\n\n<ul class=\"wp-block-list\">\n<li><span style=\"color: #ffffff;\" class=\"stk-highlight\">Mercadotecnia o publicidad<\/span><\/li>\n\n\n\n<li><span style=\"color: var(--theme-palette-color-8, #ffffff);\" class=\"stk-highlight\">Prospecci\u00f3n comercial<\/span><\/li>\n<\/ul>\n\n\n\n<p class=\"wp-block-paragraph\"><strong><span style=\"color: var(--theme-palette-color-8, #ffffff);\" class=\"stk-highlight\">DATOS PERSONALES RECABADOS<\/span><\/strong><br><span style=\"color: var(--theme-palette-color-8, #ffffff);\" class=\"stk-highlight\">Para las finalidades se\u00f1aladas en el presente aviso de privacidad, podemos recabar sus datos de identificaci\u00f3n y contacto.<\/span><\/p>\n\n\n\n<p class=\"wp-block-paragraph\"><strong><span style=\"color: var(--theme-palette-color-8, #ffffff);\" class=\"stk-highlight\">TRANSFERENCIA DE DATOS<\/span><\/strong><br><span style=\"color: var(--theme-palette-color-8, #ffffff);\" class=\"stk-highlight\">Le informamos que sus datos personales son compartidos dentro y fuera del pa\u00eds con las siguientes personas, empresas, organizaciones o autoridades distintas a nosotros, para los siguientes fines:<\/span><\/p>\n\n\n\n<ul class=\"wp-block-list\">\n<li><span style=\"color: var(--theme-palette-color-8, #ffffff);\" class=\"stk-highlight\">socios comerciales, filiales, proveedores con la finalidad de ofrecer productos y servicios<\/span><\/li>\n<\/ul>\n\n\n\n<p class=\"wp-block-paragraph\"><strong><span style=\"color: var(--theme-palette-color-8, #ffffff);\" class=\"stk-highlight\">DERECHOS ARCO<\/span><\/strong><br><span style=\"color: var(--theme-palette-color-8, #ffffff);\" class=\"stk-highlight\">Usted tiene derecho a conocer qu\u00e9 datos personales tenemos de usted, para qu\u00e9 los utilizamos y las condiciones del uso que les damos (Acceso). Asimismo, es su derecho solicitar la correcci\u00f3n de su informaci\u00f3n personal en caso de que est\u00e9 desactualizada, sea inexacta o incompleta (Rectificaci\u00f3n); que la eliminemos de nuestros registros o bases de datos cuando considere que la misma no est\u00e1 siendo utilizada adecuadamente (Cancelaci\u00f3n); as\u00ed como oponerse al uso de sus datos personales para fines espec\u00edficos (Oposici\u00f3n). Estos derechos se conocen como derechos ARCO.<\/span><\/p>\n\n\n\n<p class=\"wp-block-paragraph\"><span style=\"color: var(--theme-palette-color-8, #ffffff);\" class=\"stk-highlight\">Para el ejercicio de cualquiera de los derechos ARCO, usted deber\u00e1 presentar la solicitud respectiva a trav\u00e9s de contacto@kbling.com.mx. La respuesta a su solicitud ser\u00e1 atendida en un plazo m\u00e1ximo de 10 d\u00edas h\u00e1biles.<\/span><\/p>\n\n\n\n<p class=\"wp-block-paragraph\"><strong><span style=\"color: #ffffff;\" class=\"stk-highlight\">DATOS RECABADOS POR EL SITIO WEB<\/span><\/strong><br><span style=\"color: var(--theme-palette-color-8, #ffffff);\" class=\"stk-highlight\">Nuestro sitio web recaba autom\u00e1ticamente los siguientes datos:<\/span><\/p>\n\n\n\n<ul class=\"wp-block-list\">\n<li><span style=\"color: var(--theme-palette-color-8, #ffffff);\" class=\"stk-highlight\">Identificadores, nombre de usuario y contrase\u00f1as de sesi\u00f3n<\/span><\/li>\n\n\n\n<li><span style=\"color: var(--theme-palette-color-8, #ffffff);\" class=\"stk-highlight\">Regi\u00f3n en la que se encuentra el usuario<\/span><\/li>\n\n\n\n<li><span style=\"color: var(--theme-palette-color-8, #ffffff);\" class=\"stk-highlight\">Tipo de navegador del usuario<\/span><\/li>\n\n\n\n<li><span style=\"color: var(--theme-palette-color-8, #ffffff);\" class=\"stk-highlight\">B\u00fasquedas realizadas por un usuario<\/span><\/li>\n\n\n\n<li><span style=\"color: var(--theme-palette-color-8, #ffffff);\" class=\"stk-highlight\">Publicidad revisada por un usuario<\/span><\/li>\n<\/ul>\n\n\n\n<p class=\"wp-block-paragraph\"><span style=\"color: #ffffff;\" class=\"stk-highlight\"><strong>CONTACTO<\/strong><\/span><br><span style=\"color: var(--theme-palette-color-8, #ffffff);\" class=\"stk-highlight\">Para m\u00e1s informaci\u00f3n sobre este aviso de privacidad, puede contactarnos en:<\/span><\/p>\n\n\n\n<p class=\"wp-block-paragraph\"><span style=\"color: var(--theme-palette-color-8, #ffffff);\" class=\"stk-highlight\">Correo electr\u00f3nico: contacto@kbling.com.mx<\/span><br><span style=\"color: var(--theme-palette-color-8, #ffffff);\" class=\"stk-highlight\">Sitio web: www.kbling.com.mx<\/span><\/p>\n\n\n\n<p class=\"wp-block-paragraph\"><span style=\"color: var(--theme-palette-color-8, #ffffff);\" class=\"stk-highlight\">\u00daltima actualizaci\u00f3n: 2\/9\/2025<\/span><\/p>\n\n\n\n<p class=\"wp-block-paragraph\"><\/p>\n","protected":false},"excerpt":{"rendered":"<p>KBLING CONSULTORES EN INFRAESTRUCTURA, comercialmente conocido como KBLING, con domicilio en San Bonifacio 400-1040, Residencial Chapalita, Guadalajara, Jalisco, M\u00e9xico, CP 44500, es el responsable del uso y protecci\u00f3n de sus datos personales. FINALIDADES PRIMARIASLos datos personales que recabamos de usted, los utilizaremos para las siguientes finalidades que son necesarias para el servicio que solicita: FINALIDADES [&hellip;]<\/p>\n","protected":false},"author":1,"featured_media":0,"parent":0,"menu_order":0,"comment_status":"closed","ping_status":"closed","template":"","meta":{"_crdt_document":"","footnotes":""},"class_list":["post-861","page","type-page","status-publish","hentry"],"blocksy_meta":[],"_links":{"self":[{"href":"https:\/\/kbling.com.mx\/wordpress\/index.php\/wp-json\/wp\/v2\/pages\/861","targetHints":{"allow":["GET"]}}],"collection":[{"href":"https:\/\/kbling.com.mx\/wordpress\/index.php\/wp-json\/wp\/v2\/pages"}],"about":[{"href":"https:\/\/kbling.com.mx\/wordpress\/index.php\/wp-json\/wp\/v2\/types\/page"}],"author":[{"embeddable":true,"href":"https:\/\/kbling.com.mx\/wordpress\/index.php\/wp-json\/wp\/v2\/users\/1"}],"replies":[{"embeddable":true,"href":"https:\/\/kbling.com.mx\/wordpress\/index.php\/wp-json\/wp\/v2\/comments?post=861"}],"version-history":[{"count":1,"href":"https:\/\/kbling.com.mx\/wordpress\/index.php\/wp-json\/wp\/v2\/pages\/861\/revisions"}],"predecessor-version":[{"id":862,"href":"https:\/\/kbling.com.mx\/wordpress\/index.php\/wp-json\/wp\/v2\/pages\/861\/revisions\/862"}],"wp:attachment":[{"href":"https:\/\/kbling.com.mx\/wordpress\/index.php\/wp-json\/wp\/v2\/media?parent=861"}],"curies":[{"name":"wp","href":"https:\/\/api.w.org\/{rel}","templated":true}]}}